{"id":73,"date":"2013-11-21T15:16:00","date_gmt":"2013-11-21T15:16:00","guid":{"rendered":"http:\/\/medikus.dev.kreativabyran.se\/?page_id=73"},"modified":"2013-12-03T12:27:14","modified_gmt":"2013-12-03T11:27:14","slug":"samarbetspartner","status":"publish","type":"page","link":"https:\/\/medikus.se\/en\/foretagshalsovard\/samarbetspartner\/","title":{"rendered":"Samarbetspartner"},"content":{"rendered":"<h4><\/h4>\n<p>Medikus samarbetar i Stockholm med Adocto och i Malm\u00f6 med Husl\u00e4karna J\u00e4gersro.<br \/>\nH\u00e4r kan ert f\u00f6retag erbjudas samma tj\u00e4nster som hos oss i G\u00f6teborg. H\u00e4r finns f\u00f6retagsl\u00e4kare,<br \/>\nallm\u00e4nl\u00e4kare, sjukgymnast, psykolog samt n\u00e4ra kontakt med specialistl\u00e4kare.Det viktiga f\u00f6r<br \/>\noss \u00e4r att hj\u00e4lpa dig och din personal att m\u00e5 bra och snabbt komma tillbaka till arbetet.<br \/>\nVi \u00e4r specialister p\u00e5 att identifiera det sjuka och bygga p\u00e5 det friska b\u00e5de hos enskilda<br \/>\nindivider och i grupp.<\/p>\n<p>V\u00e4lkommen!<\/p>\n<p>Kontakta oss direkt f\u00f6r att f\u00e5 en tid hos doktorn s\u00e5 att f\u00f6retaget och personalen m\u00e5r bra.<\/p>\n<p>Telefon 031 &#8211; 40 27 28<\/p>\n<p>L\u00e4s mer om Adocto p\u00e5: \u00a0<a href=\"http:\/\/www.adocto.se\/\" target=\"blank\">www.adocto.se<\/a><br \/>\nL\u00e4s mer om Husl\u00e4karna J\u00e4gersro p\u00e5: \u00a0<a href=\"http:\/\/www.huslakarna-jagersro.se\/\" target=\"blank\">www.huslakarna-jagersro.se\/<\/a><\/p>\n","protected":false},"excerpt":{"rendered":"<p>Medikus samarbetar i Stockholm med Adocto och i Malm\u00f6 med Husl\u00e4karna J\u00e4gersro. H\u00e4r kan ert f\u00f6retag erbjudas samma tj\u00e4nster som hos oss i G\u00f6teborg. H\u00e4r finns f\u00f6retagsl\u00e4kare, allm\u00e4nl\u00e4kare, sjukgymnast, psykolog samt n\u00e4ra kontakt med specialistl\u00e4kare.Det viktiga f\u00f6r oss \u00e4r att hj\u00e4lpa dig och din personal att m\u00e5 bra och snabbt komma tillbaka till arbetet. Vi&#8230;  <a class=\"excerpt-read-more\" href=\"https:\/\/medikus.se\/en\/foretagshalsovard\/samarbetspartner\/\" title=\"ReadSamarbetspartner\">L&auml;s mer &raquo;<\/a><\/p>\n","protected":false},"author":1,"featured_media":0,"parent":55,"menu_order":0,"comment_status":"closed","ping_status":"closed","template":"","meta":{"_acf_changed":false,"footnotes":""},"class_list":["post-73","page","type-page","status-publish","hentry"],"acf":[],"yoast_head":"<!-- This site is optimized with the Yoast SEO plugin v27.5 - https:\/\/yoast.com\/product\/yoast-seo-wordpress\/ -->\n<title>Samarbetspartner - Medikus (en)<\/title>\n<meta name=\"robots\" content=\"index, follow, max-snippet:-1, max-image-preview:large, max-video-preview:-1\" \/>\n<link rel=\"canonical\" href=\"https:\/\/medikus.se\/en\/foretagshalsovard\/samarbetspartner\/\" \/>\n<meta name=\"twitter:label1\" content=\"Est. reading time\" \/>\n\t<meta name=\"twitter:data1\" content=\"1 minute\" \/>\n<script type=\"application\/ld+json\" class=\"yoast-schema-graph\">{\"@context\":\"https:\\\/\\\/schema.org\",\"@graph\":[{\"@type\":\"WebPage\",\"@id\":\"https:\\\/\\\/medikus.se\\\/en\\\/foretagshalsovard\\\/samarbetspartner\\\/\",\"url\":\"https:\\\/\\\/medikus.se\\\/en\\\/foretagshalsovard\\\/samarbetspartner\\\/\",\"name\":\"Samarbetspartner - Medikus (en)\",\"isPartOf\":{\"@id\":\"https:\\\/\\\/medikus.se\\\/en\\\/#website\"},\"datePublished\":\"2013-11-21T15:16:00+00:00\",\"dateModified\":\"2013-12-03T11:27:14+00:00\",\"breadcrumb\":{\"@id\":\"https:\\\/\\\/medikus.se\\\/en\\\/foretagshalsovard\\\/samarbetspartner\\\/#breadcrumb\"},\"inLanguage\":\"en-US\",\"potentialAction\":[{\"@type\":\"ReadAction\",\"target\":[\"https:\\\/\\\/medikus.se\\\/en\\\/foretagshalsovard\\\/samarbetspartner\\\/\"]}]},{\"@type\":\"BreadcrumbList\",\"@id\":\"https:\\\/\\\/medikus.se\\\/en\\\/foretagshalsovard\\\/samarbetspartner\\\/#breadcrumb\",\"itemListElement\":[{\"@type\":\"ListItem\",\"position\":1,\"name\":\"Home\",\"item\":\"https:\\\/\\\/medikus.se\\\/en\\\/\"},{\"@type\":\"ListItem\",\"position\":2,\"name\":\"Broad-based specialist skills\",\"item\":\"https:\\\/\\\/medikus.se\\\/en\\\/foretagshalsovard\\\/\"},{\"@type\":\"ListItem\",\"position\":3,\"name\":\"Samarbetspartner\"}]},{\"@type\":\"WebSite\",\"@id\":\"https:\\\/\\\/medikus.se\\\/en\\\/#website\",\"url\":\"https:\\\/\\\/medikus.se\\\/en\\\/\",\"name\":\"Medikus (en)\",\"description\":\"Medical specialists for your health\",\"potentialAction\":[{\"@type\":\"SearchAction\",\"target\":{\"@type\":\"EntryPoint\",\"urlTemplate\":\"https:\\\/\\\/medikus.se\\\/en\\\/?s={search_term_string}\"},\"query-input\":{\"@type\":\"PropertyValueSpecification\",\"valueRequired\":true,\"valueName\":\"search_term_string\"}}],\"inLanguage\":\"en-US\"}]}<\/script>\n<!-- \/ Yoast SEO plugin. -->","yoast_head_json":{"title":"Samarbetspartner - Medikus (en)","robots":{"index":"index","follow":"follow","max-snippet":"max-snippet:-1","max-image-preview":"max-image-preview:large","max-video-preview":"max-video-preview:-1"},"canonical":"https:\/\/medikus.se\/en\/foretagshalsovard\/samarbetspartner\/","twitter_misc":{"Est. reading time":"1 minute"},"schema":{"@context":"https:\/\/schema.org","@graph":[{"@type":"WebPage","@id":"https:\/\/medikus.se\/en\/foretagshalsovard\/samarbetspartner\/","url":"https:\/\/medikus.se\/en\/foretagshalsovard\/samarbetspartner\/","name":"Samarbetspartner - Medikus (en)","isPartOf":{"@id":"https:\/\/medikus.se\/en\/#website"},"datePublished":"2013-11-21T15:16:00+00:00","dateModified":"2013-12-03T11:27:14+00:00","breadcrumb":{"@id":"https:\/\/medikus.se\/en\/foretagshalsovard\/samarbetspartner\/#breadcrumb"},"inLanguage":"en-US","potentialAction":[{"@type":"ReadAction","target":["https:\/\/medikus.se\/en\/foretagshalsovard\/samarbetspartner\/"]}]},{"@type":"BreadcrumbList","@id":"https:\/\/medikus.se\/en\/foretagshalsovard\/samarbetspartner\/#breadcrumb","itemListElement":[{"@type":"ListItem","position":1,"name":"Home","item":"https:\/\/medikus.se\/en\/"},{"@type":"ListItem","position":2,"name":"Broad-based specialist skills","item":"https:\/\/medikus.se\/en\/foretagshalsovard\/"},{"@type":"ListItem","position":3,"name":"Samarbetspartner"}]},{"@type":"WebSite","@id":"https:\/\/medikus.se\/en\/#website","url":"https:\/\/medikus.se\/en\/","name":"Medikus (en)","description":"Medical specialists for your health","potentialAction":[{"@type":"SearchAction","target":{"@type":"EntryPoint","urlTemplate":"https:\/\/medikus.se\/en\/?s={search_term_string}"},"query-input":{"@type":"PropertyValueSpecification","valueRequired":true,"valueName":"search_term_string"}}],"inLanguage":"en-US"}]}},"_links":{"self":[{"href":"https:\/\/medikus.se\/en\/wp-json\/wp\/v2\/pages\/73","targetHints":{"allow":["GET"]}}],"collection":[{"href":"https:\/\/medikus.se\/en\/wp-json\/wp\/v2\/pages"}],"about":[{"href":"https:\/\/medikus.se\/en\/wp-json\/wp\/v2\/types\/page"}],"author":[{"embeddable":true,"href":"https:\/\/medikus.se\/en\/wp-json\/wp\/v2\/users\/1"}],"replies":[{"embeddable":true,"href":"https:\/\/medikus.se\/en\/wp-json\/wp\/v2\/comments?post=73"}],"version-history":[{"count":1,"href":"https:\/\/medikus.se\/en\/wp-json\/wp\/v2\/pages\/73\/revisions"}],"predecessor-version":[{"id":376,"href":"https:\/\/medikus.se\/en\/wp-json\/wp\/v2\/pages\/73\/revisions\/376"}],"up":[{"embeddable":true,"href":"https:\/\/medikus.se\/en\/wp-json\/wp\/v2\/pages\/55"}],"wp:attachment":[{"href":"https:\/\/medikus.se\/en\/wp-json\/wp\/v2\/media?parent=73"}],"curies":[{"name":"wp","href":"https:\/\/api.w.org\/{rel}","templated":true}]}}