{"id":84,"date":"2013-11-21T15:19:03","date_gmt":"2013-11-21T15:19:03","guid":{"rendered":"http:\/\/medikus.dev.kreativabyran.se\/?page_id=84"},"modified":"2013-11-21T15:19:03","modified_gmt":"2013-11-21T15:19:03","slug":"halsokontroll","status":"publish","type":"page","link":"https:\/\/medikus.se\/en\/sjukvard\/halsokontroll\/","title":{"rendered":"H\u00e4lsokontroll"},"content":{"rendered":"<p><!--:sv--><br \/>\nVi erbjuder tv\u00e5 varianter av h\u00e4lsokontroller.<br \/>\nVid samtliga h\u00e4lsokontroller f\u00e5r patienten tr\u00e4ffa l\u00e4kare.<\/p>\n<p><strong>H\u00e4lsokontroll<\/strong><br \/>\nL\u00e4karunders\u00f6kning, blodtryck, vilo-EKG, lungfunktion, syn, h\u00f6rsel<br \/>\noch blodprov, vilket innefattar blodv\u00e4rde, blodsocker, leverfunktion<br \/>\nsamt blodfetter.<\/p>\n<p><strong>Utvidgad h\u00e4lsokontroll<\/strong><br \/>\nDenna h\u00e4lsokontroll rekommenderas f\u00f6r personer \u00f6ver 40 \u00e5r<br \/>\noch till dem som ska b\u00f6rja motionera eller redan tr\u00e4nar.<br \/>\nF\u00f6rutom inneh\u00e5llet i den lilla h\u00e4lsokontrollen omfattar denna<br \/>\n\u00e4ven konditionstest med arbets-EKG (cykelarbetsprov). Hj\u00e4rtats<br \/>\nfunktion under fysisk anstr\u00e4ngning unders\u00f6ks genom cykling<br \/>\nunder samtidig EKG-registrering. Konditionstal och syre-<br \/>\nupptagningsf\u00f6rm\u00e5ga r\u00e4knas ut. Blodprov f\u00f6r prostatacancer<br \/>\n(p\u00e5 m\u00e4n &gt; 50 \u00e5r)<\/p>\n<p>Vi har ocks\u00e5 m\u00f6jlighet att utf\u00f6ra h\u00e4lsokontroller p\u00e5 din arbetsplats.<\/p>\n<p>Vid \u00e5terbud inom 24 timmar debiteras halv avgift.<br \/>\nVid uteblivet icke avbokat bes\u00f6k debiteras full avgift.<!--:--><\/p>\n","protected":false},"excerpt":{"rendered":"<p>Vi erbjuder tv\u00e5 varianter av h\u00e4lsokontroller. Vid samtliga h\u00e4lsokontroller f\u00e5r patienten tr\u00e4ffa l\u00e4kare. H\u00e4lsokontroll L\u00e4karunders\u00f6kning, blodtryck, vilo-EKG, lungfunktion, syn, h\u00f6rsel och blodprov, vilket innefattar blodv\u00e4rde, blodsocker, leverfunktion samt blodfetter. Utvidgad h\u00e4lsokontroll Denna h\u00e4lsokontroll rekommenderas f\u00f6r personer \u00f6ver 40 \u00e5r och till dem som ska b\u00f6rja motionera eller redan tr\u00e4nar. F\u00f6rutom inneh\u00e5llet i den lilla h\u00e4lsokontrollen&#8230;  <a class=\"excerpt-read-more\" href=\"https:\/\/medikus.se\/en\/sjukvard\/halsokontroll\/\" title=\"ReadH\u00e4lsokontroll\">L&auml;s mer &raquo;<\/a><\/p>\n","protected":false},"author":1,"featured_media":0,"parent":80,"menu_order":0,"comment_status":"closed","ping_status":"closed","template":"","meta":{"_acf_changed":false,"footnotes":""},"class_list":["post-84","page","type-page","status-publish","hentry"],"acf":[],"yoast_head":"<!-- This site is optimized with the Yoast SEO plugin v27.5 - https:\/\/yoast.com\/product\/yoast-seo-wordpress\/ -->\n<title>H\u00e4lsokontroll - Medikus (en)<\/title>\n<meta name=\"robots\" content=\"index, follow, max-snippet:-1, max-image-preview:large, max-video-preview:-1\" \/>\n<link rel=\"canonical\" href=\"https:\/\/medikus.se\/en\/sjukvard\/halsokontroll\/\" \/>\n<meta name=\"twitter:label1\" content=\"Est. reading time\" \/>\n\t<meta name=\"twitter:data1\" content=\"1 minute\" \/>\n<script type=\"application\/ld+json\" class=\"yoast-schema-graph\">{\"@context\":\"https:\\\/\\\/schema.org\",\"@graph\":[{\"@type\":\"WebPage\",\"@id\":\"https:\\\/\\\/medikus.se\\\/en\\\/sjukvard\\\/halsokontroll\\\/\",\"url\":\"https:\\\/\\\/medikus.se\\\/en\\\/sjukvard\\\/halsokontroll\\\/\",\"name\":\"H\u00e4lsokontroll - Medikus (en)\",\"isPartOf\":{\"@id\":\"https:\\\/\\\/medikus.se\\\/en\\\/#website\"},\"datePublished\":\"2013-11-21T15:19:03+00:00\",\"breadcrumb\":{\"@id\":\"https:\\\/\\\/medikus.se\\\/en\\\/sjukvard\\\/halsokontroll\\\/#breadcrumb\"},\"inLanguage\":\"en-US\",\"potentialAction\":[{\"@type\":\"ReadAction\",\"target\":[\"https:\\\/\\\/medikus.se\\\/en\\\/sjukvard\\\/halsokontroll\\\/\"]}]},{\"@type\":\"BreadcrumbList\",\"@id\":\"https:\\\/\\\/medikus.se\\\/en\\\/sjukvard\\\/halsokontroll\\\/#breadcrumb\",\"itemListElement\":[{\"@type\":\"ListItem\",\"position\":1,\"name\":\"Home\",\"item\":\"https:\\\/\\\/medikus.se\\\/en\\\/\"},{\"@type\":\"ListItem\",\"position\":2,\"name\":\"Medical care\",\"item\":\"https:\\\/\\\/medikus.se\\\/en\\\/sjukvard\\\/\"},{\"@type\":\"ListItem\",\"position\":3,\"name\":\"H\u00e4lsokontroll\"}]},{\"@type\":\"WebSite\",\"@id\":\"https:\\\/\\\/medikus.se\\\/en\\\/#website\",\"url\":\"https:\\\/\\\/medikus.se\\\/en\\\/\",\"name\":\"Medikus (en)\",\"description\":\"Medical specialists for your health\",\"potentialAction\":[{\"@type\":\"SearchAction\",\"target\":{\"@type\":\"EntryPoint\",\"urlTemplate\":\"https:\\\/\\\/medikus.se\\\/en\\\/?s={search_term_string}\"},\"query-input\":{\"@type\":\"PropertyValueSpecification\",\"valueRequired\":true,\"valueName\":\"search_term_string\"}}],\"inLanguage\":\"en-US\"}]}<\/script>\n<!-- \/ Yoast SEO plugin. -->","yoast_head_json":{"title":"H\u00e4lsokontroll - Medikus (en)","robots":{"index":"index","follow":"follow","max-snippet":"max-snippet:-1","max-image-preview":"max-image-preview:large","max-video-preview":"max-video-preview:-1"},"canonical":"https:\/\/medikus.se\/en\/sjukvard\/halsokontroll\/","twitter_misc":{"Est. reading time":"1 minute"},"schema":{"@context":"https:\/\/schema.org","@graph":[{"@type":"WebPage","@id":"https:\/\/medikus.se\/en\/sjukvard\/halsokontroll\/","url":"https:\/\/medikus.se\/en\/sjukvard\/halsokontroll\/","name":"H\u00e4lsokontroll - Medikus (en)","isPartOf":{"@id":"https:\/\/medikus.se\/en\/#website"},"datePublished":"2013-11-21T15:19:03+00:00","breadcrumb":{"@id":"https:\/\/medikus.se\/en\/sjukvard\/halsokontroll\/#breadcrumb"},"inLanguage":"en-US","potentialAction":[{"@type":"ReadAction","target":["https:\/\/medikus.se\/en\/sjukvard\/halsokontroll\/"]}]},{"@type":"BreadcrumbList","@id":"https:\/\/medikus.se\/en\/sjukvard\/halsokontroll\/#breadcrumb","itemListElement":[{"@type":"ListItem","position":1,"name":"Home","item":"https:\/\/medikus.se\/en\/"},{"@type":"ListItem","position":2,"name":"Medical care","item":"https:\/\/medikus.se\/en\/sjukvard\/"},{"@type":"ListItem","position":3,"name":"H\u00e4lsokontroll"}]},{"@type":"WebSite","@id":"https:\/\/medikus.se\/en\/#website","url":"https:\/\/medikus.se\/en\/","name":"Medikus (en)","description":"Medical specialists for your health","potentialAction":[{"@type":"SearchAction","target":{"@type":"EntryPoint","urlTemplate":"https:\/\/medikus.se\/en\/?s={search_term_string}"},"query-input":{"@type":"PropertyValueSpecification","valueRequired":true,"valueName":"search_term_string"}}],"inLanguage":"en-US"}]}},"_links":{"self":[{"href":"https:\/\/medikus.se\/en\/wp-json\/wp\/v2\/pages\/84","targetHints":{"allow":["GET"]}}],"collection":[{"href":"https:\/\/medikus.se\/en\/wp-json\/wp\/v2\/pages"}],"about":[{"href":"https:\/\/medikus.se\/en\/wp-json\/wp\/v2\/types\/page"}],"author":[{"embeddable":true,"href":"https:\/\/medikus.se\/en\/wp-json\/wp\/v2\/users\/1"}],"replies":[{"embeddable":true,"href":"https:\/\/medikus.se\/en\/wp-json\/wp\/v2\/comments?post=84"}],"version-history":[{"count":0,"href":"https:\/\/medikus.se\/en\/wp-json\/wp\/v2\/pages\/84\/revisions"}],"up":[{"embeddable":true,"href":"https:\/\/medikus.se\/en\/wp-json\/wp\/v2\/pages\/80"}],"wp:attachment":[{"href":"https:\/\/medikus.se\/en\/wp-json\/wp\/v2\/media?parent=84"}],"curies":[{"name":"wp","href":"https:\/\/api.w.org\/{rel}","templated":true}]}}